{"id":3342,"date":"2021-02-18T20:11:42","date_gmt":"2021-02-18T20:11:42","guid":{"rendered":"https:\/\/www.realacequiadeluceni.com\/?page_id=3342"},"modified":"2021-02-18T20:22:12","modified_gmt":"2021-02-18T20:22:12","slug":"politica-de-privacidad","status":"publish","type":"page","link":"https:\/\/www.realacequiadeluceni.com\/index.php\/politica-de-privacidad\/","title":{"rendered":"POL\u00cdTICA DE PRIVACIDAD"},"content":{"rendered":"[vc_row type=&#8221;in_container&#8221; full_screen_row_position=&#8221;middle&#8221; column_margin=&#8221;default&#8221; column_direction=&#8221;default&#8221; column_direction_tablet=&#8221;default&#8221; column_direction_phone=&#8221;default&#8221; scene_position=&#8221;center&#8221; text_color=&#8221;dark&#8221; text_align=&#8221;left&#8221; row_border_radius=&#8221;none&#8221; row_border_radius_applies=&#8221;bg&#8221; overlay_strength=&#8221;0.3&#8243; gradient_direction=&#8221;left_to_right&#8221; shape_divider_position=&#8221;bottom&#8221; bg_image_animation=&#8221;none&#8221;][vc_column column_padding=&#8221;no-extra-padding&#8221; column_padding_tablet=&#8221;inherit&#8221; column_padding_phone=&#8221;inherit&#8221; column_padding_position=&#8221;all&#8221; background_color_opacity=&#8221;1&#8243; background_hover_color_opacity=&#8221;1&#8243; column_shadow=&#8221;none&#8221; column_border_radius=&#8221;none&#8221; column_link_target=&#8221;_self&#8221; gradient_direction=&#8221;left_to_right&#8221; overlay_strength=&#8221;0.3&#8243; width=&#8221;1\/1&#8243; tablet_width_inherit=&#8221;default&#8221; tablet_text_alignment=&#8221;default&#8221; phone_text_alignment=&#8221;default&#8221; column_border_width=&#8221;none&#8221; column_border_style=&#8221;solid&#8221; bg_image_animation=&#8221;none&#8221;][vc_column_text]\r\n<h2>Pol\u00edtica de privacidad<\/h2>\r\n<p>Datos del responsable del fichero<br \/>Identidad: Real Acequia de Luceni<br \/>Direcci\u00f3n: Calle Pignatelli n\u00ba1, 50690, Pedrola (Zaragoza)<br \/>CIF \/ NIF:\u00a0\u00a0G50068915<br \/>Tel\u00e9fono: 976 615 227<br \/>e-Mail:\u00a0<a href=\"mailto:tester@caag.e.telefonica.net\" target=\"_blank\" rel=\"noreferrer noopener\">tester@caag.e.telefonica.net<\/a><\/p>\r\n<p>Finalidades del tratamiento<br \/>Le informamos que los datos que nos facilite por cualquier medio (p\u00e1gina web, correo electr\u00f3nico, formularios en papel, y\/o cualquier otro documento) ser\u00e1n incorporados un fichero titularidad de Centro de asesoramiento y gesti\u00f3n b\u00e1sica de empresas sl, en adelante (Gestor\u00eda Pedrola).<br \/>Las personas interesadas podr\u00e1n darse de baja de estas comunicaciones en la siguiente direcci\u00f3n de correo electr\u00f3nico:\u00a0<a href=\"mailto:tester@caag.e.telefonica.net\" target=\"_blank\" rel=\"noreferrer noopener\">tester@caag.e.telefonica.net<\/a><br \/>Legitimaci\u00f3n<br \/>La base legal para el tratamiento de los datos es el consentimiento de las personas interesadas para la tramitaci\u00f3n y gesti\u00f3n de cualquier solicitud de informaci\u00f3n o consulta sobre nuestros servicios profesionales, as\u00ed como para el env\u00edo de comunicaciones comerciales llevadas a cabo por Gestor\u00eda Pedrola.<br \/>Derechos<br \/>Derecho de Acceso, Rectificaci\u00f3n y Supresi\u00f3n:\u00a0Las personas interesadas tienen derecho a obtener confirmaci\u00f3n sobre si en Gestor\u00eda Pedrola estamos tratando datos personales que les conciernan, o no. Las personas interesadas tienen derecho a si acceder a sus datos personales, as\u00ed como a solicitar la rectificaci\u00f3n de los datos inexactos o, en su caso, solicitar su supresi\u00f3n cuando, entre otros motivos, los datos ya no sean necesarios para los fines que fueron recogidos.<br \/>Derecho a la Limitaci\u00f3n y Oposici\u00f3n:\u00a0En determinadas circunstancias, los interesados podr\u00e1n solicitar la limitaci\u00f3n del tratamiento de sus datos, en cuyo caso \u00fanicamente los conservaremos para el ejercicio o la defensa de reclamaciones. En determinadas circunstancias y por motivos relacionados con su situaci\u00f3n particular, los interesados podr\u00e1n oponerse al tratamiento de sus datos. Gestor\u00eda Pedrola dejar\u00e1 de tratar los datos, salvo por motivos leg\u00edtimos imperiosos, o el ejercicio o la defensa de posibles reclamaciones. Dichos derechos podr\u00e1n ser ejercitados a trav\u00e9s de cualquier medio de comunicaci\u00f3n frente a Gestor\u00eda Pedrola en la direcci\u00f3n arriba indicada, adjuntando fotocopia de DNI del titular de los datos o en el e-mail\u00a0<a href=\"mailto:tester@caag.e.telefonica.net\" target=\"_blank\" rel=\"noreferrer noopener\">tester@caag.e.telefonica.net<\/a><\/p>\r\n<p>Actualizaciones y modificaciones<br \/>Gestor\u00eda Pedrola se reserva el derecho de modificar y\/o actualizar la informaci\u00f3n sobre protecci\u00f3n de datos cuando sea necesario para el correcto cumplimiento del Reglamento de Protecci\u00f3n de Datos. Si se produjera alguna modificaci\u00f3n, el nuevo texto ser\u00e1 publicado en esta p\u00e1gina, donde podr\u00e1 tener acceso a la pol\u00edtica actual. En cada caso, la relaci\u00f3n con los usuarios se regir\u00e1 por las normas previstas en el momento preciso en que se accede al web.<\/p>\r\n<p>Canal de comunicaci\u00f3n y soporte<br \/>Las personas interesadas podr\u00e1n comunicar cualquier duda sobre el tratamiento de sus datos de car\u00e1cter personal o interpretaci\u00f3n de nuestra pol\u00edtica en la siguiente direcci\u00f3n: ?\u00a0<a href=\"mailto:tester@caag.e.telefonica.net\" target=\"_blank\" rel=\"noreferrer noopener\">tester@caag.e.telefonica.net<\/a><br \/>Responsabilidades con respecto a los contenidos<br \/>El contenido de este sitio web es de car\u00e1cter general, as\u00ed como tiene una finalidad y efectos exclusivamente informativos de nuestros servicios y de nuestra actividad empresarial.<br \/>Gestor\u00eda Pedrola se exime de cualquier responsabilidad respecto a cualquier decisi\u00f3n adoptada por el usuario del sitio web como consecuencia de la informaci\u00f3n contenida en ella, en especial respecto a las caracter\u00edsticas t\u00e9cnicas de los cables.<br \/>Gestor\u00eda Pedrola rechaza la responsabilidad sobre cualquier informaci\u00f3n no elaborada por Gestor\u00eda Pedrola o no publicada de forma autorizada por ella bajo su nombre, al igual que la responsabilidad que se derive de la mala utilizaci\u00f3n de los contenidos, as\u00ed como se reserva el derecho a actualizarlos, a eliminarlos, limitarlos o impedir el acceso a ellos, de manera temporal o definitiva.<br \/>Responsabilidad respecto a los enlaces a otras p\u00e1ginas webs (links)<br \/>Los enlaces introducidos en posibles webs son de car\u00e1cter meramente informativo y, por tanto, Gestor\u00eda Pedrola no controla ni verifica ninguna informaci\u00f3n, contenido, productos o servicios facilitados a trav\u00e9s de estos sitios web. En consecuencia, Gestor\u00eda Pedrola declina cualquier tipo de responsabilidad por cualquier aspecto, en especial el contenido, relativo a esa p\u00e1gina.<\/p>\r\n<p>Legislaci\u00f3n y Jurisdicci\u00f3n<br \/>Estas condiciones de uso se rigen por la legislaci\u00f3n espa\u00f1ola.<br \/>Los usuarios y la empresa Gestor\u00eda Pedrola someten todas las interpretaciones o conflictos que pudieran surgir derivados de esta nota legal a los Juzgados y Tribunales de Zaragoza.<\/p>\r\n\r\n<p>&nbsp;<\/p>\r\n[\/vc_column_text][\/vc_column][\/vc_row]","protected":false},"excerpt":{"rendered":"<p>[vc_row type=&#8221;in_container&#8221; full_screen_row_position=&#8221;middle&#8221; column_margin=&#8221;default&#8221; column_direction=&#8221;default&#8221; column_direction_tablet=&#8221;default&#8221; column_direction_phone=&#8221;default&#8221; scene_position=&#8221;center&#8221; text_color=&#8221;dark&#8221; text_align=&#8221;left&#8221; row_border_radius=&#8221;none&#8221; row_border_radius_applies=&#8221;bg&#8221; overlay_strength=&#8221;0.3&#8243; gradient_direction=&#8221;left_to_right&#8221; shape_divider_position=&#8221;bottom&#8221; bg_image_animation=&#8221;none&#8221;][vc_column column_padding=&#8221;no-extra-padding&#8221; column_padding_tablet=&#8221;inherit&#8221; column_padding_phone=&#8221;inherit&#8221; column_padding_position=&#8221;all&#8221; background_color_opacity=&#8221;1&#8243; background_hover_color_opacity=&#8221;1&#8243; column_shadow=&#8221;none&#8221; column_border_radius=&#8221;none&#8221; column_link_target=&#8221;_self&#8221; gradient_direction=&#8221;left_to_right&#8221; overlay_strength=&#8221;0.3&#8243; width=&#8221;1\/1&#8243; tablet_width_inherit=&#8221;default&#8221; tablet_text_alignment=&#8221;default&#8221;&#8230;<\/p>\n","protected":false},"author":1,"featured_media":0,"parent":0,"menu_order":0,"comment_status":"closed","ping_status":"closed","template":"","meta":[],"_links":{"self":[{"href":"https:\/\/www.realacequiadeluceni.com\/index.php\/wp-json\/wp\/v2\/pages\/3342"}],"collection":[{"href":"https:\/\/www.realacequiadeluceni.com\/index.php\/wp-json\/wp\/v2\/pages"}],"about":[{"href":"https:\/\/www.realacequiadeluceni.com\/index.php\/wp-json\/wp\/v2\/types\/page"}],"author":[{"embeddable":true,"href":"https:\/\/www.realacequiadeluceni.com\/index.php\/wp-json\/wp\/v2\/users\/1"}],"replies":[{"embeddable":true,"href":"https:\/\/www.realacequiadeluceni.com\/index.php\/wp-json\/wp\/v2\/comments?post=3342"}],"version-history":[{"count":2,"href":"https:\/\/www.realacequiadeluceni.com\/index.php\/wp-json\/wp\/v2\/pages\/3342\/revisions"}],"predecessor-version":[{"id":3350,"href":"https:\/\/www.realacequiadeluceni.com\/index.php\/wp-json\/wp\/v2\/pages\/3342\/revisions\/3350"}],"wp:attachment":[{"href":"https:\/\/www.realacequiadeluceni.com\/index.php\/wp-json\/wp\/v2\/media?parent=3342"}],"curies":[{"name":"wp","href":"https:\/\/api.w.org\/{rel}","templated":true}]}}