{"id":3344,"date":"2021-02-18T20:15:04","date_gmt":"2021-02-18T20:15:04","guid":{"rendered":"https:\/\/www.realacequiadeluceni.com\/?page_id=3344"},"modified":"2021-02-18T20:20:59","modified_gmt":"2021-02-18T20:20:59","slug":"politica-de-cookies","status":"publish","type":"page","link":"https:\/\/www.realacequiadeluceni.com\/index.php\/politica-de-cookies\/","title":{"rendered":"POL\u00cdTICA DE COOKIES"},"content":{"rendered":"[vc_row type=&#8221;in_container&#8221; full_screen_row_position=&#8221;middle&#8221; column_margin=&#8221;default&#8221; column_direction=&#8221;default&#8221; column_direction_tablet=&#8221;default&#8221; column_direction_phone=&#8221;default&#8221; scene_position=&#8221;center&#8221; text_color=&#8221;dark&#8221; text_align=&#8221;left&#8221; row_border_radius=&#8221;none&#8221; row_border_radius_applies=&#8221;bg&#8221; overlay_strength=&#8221;0.3&#8243; gradient_direction=&#8221;left_to_right&#8221; shape_divider_position=&#8221;bottom&#8221; bg_image_animation=&#8221;none&#8221;][vc_column column_padding=&#8221;no-extra-padding&#8221; column_padding_tablet=&#8221;inherit&#8221; column_padding_phone=&#8221;inherit&#8221; column_padding_position=&#8221;all&#8221; background_color_opacity=&#8221;1&#8243; background_hover_color_opacity=&#8221;1&#8243; column_shadow=&#8221;none&#8221; column_border_radius=&#8221;none&#8221; column_link_target=&#8221;_self&#8221; gradient_direction=&#8221;left_to_right&#8221; overlay_strength=&#8221;0.3&#8243; width=&#8221;1\/1&#8243; tablet_width_inherit=&#8221;default&#8221; tablet_text_alignment=&#8221;default&#8221; phone_text_alignment=&#8221;default&#8221; column_border_width=&#8221;none&#8221; column_border_style=&#8221;solid&#8221; bg_image_animation=&#8221;none&#8221;][vc_column_text]\r\n<h2>Pol\u00edtica de Cookies<\/h2>\r\n<p>Real Acequia de Luceni, como titular del sitio web, expone en esta secci\u00f3n la Pol\u00edtica de Cookies corporativa.<\/p>\r\n\r\n<p>\u00bfQu\u00e9 son las cookies?<\/p>\r\n\r\n<p>Una cookie es un archivo que se descarga y almacena en el equipo del usuario al acceder a determinadas p\u00e1ginas web, para almacenar y recuperar informaci\u00f3n sobre la navegaci\u00f3n que se realiza desde ese equipo. Las cookies son esenciales para el funcionamiento de Internet, aportando ventajas para la prestaci\u00f3n de servicios interactivos, facilit\u00e1ndole la navegaci\u00f3n y usabilidad de nuestra web. Tenga en cuenta que las cookies no pueden da\u00f1ar su equipo y que a cambio el que est\u00e9n activadas nos ayudan a identificar y resolver los errores.<\/p>\r\n\r\n<p>\u00bfPara qu\u00e9 se utilizan las cookies?<br \/>Los usos comunes de las cookies son:<\/p>\r\n\r\n<p>&nbsp;<\/p>\r\n\r\n<ul>\r\n<li>Identificaci\u00f3n de visitantes que han ingresado en un sitio web protegido, lo que les permite visitar varias p\u00e1ginas sin pedirles que remitan nombre de usuario y contrase\u00f1a para cada p\u00e1gina.<\/li>\r\n<li>Mantener un registro de las p\u00e1ginas que solicitan los visitantes, que crea datos que pueden utilizarse para hacer mejoras en el contenido y la navegaci\u00f3n del sitio.<\/li>\r\n<\/ul>\r\n\r\n<p>Informaci\u00f3n sobre las cookies utilizadas en este sitio web<\/p>\r\n\r\n<p>S\u00a0utiliza en este sitio web las siguientes cookies que se detallen a continuaci\u00f3n, distinguiendo:<\/p>\r\n\r\n<p>CookieInformaci\u00f3nFinalidadOutput<\/p>\r\n\r\n<p>VisitasExistencia de la propia cookieEstad\u00edsticas de accesos por intervalo temporal<\/p>\r\n\r\n<p>Google analyticsEstad\u00edsticas de n\u00famero de visitas a p\u00e1ginas, tiempos de navegaci\u00f3n, tipos de navegador, estad\u00edsticas de navegaci\u00f3n, redirecciones, motores de b\u00fasqueda, sites referidos, etcRecopilar y unificar en informes estad\u00edsticos sobre el tr\u00e1fico de cada sitio, audiencia total, visitas a p\u00e1ginas concretas, seguimiento de clicks sobre determinadas partes del sitio, etc.<a href=\"https:\/\/tools.google.com\/dlpage\/gaoptout\" target=\"_blank\" rel=\"noreferrer noopener\">https:\/\/tools.google.com\/dlpage\/gaoptout<\/a><\/p>\r\n\r\n<p>addthis\u00a0Permite a los visitantes compartir una p\u00e1gina a trav\u00e9s de Facebook, Twitter, correo electr\u00f3nico y otros medios<a href=\"http:\/\/www.addthis.com\/privacy\/opt-out\" target=\"_blank\" rel=\"noreferrer noopener\">http:\/\/www.addthis.com\/privacy\/opt-out<\/a><\/p>\r\n\r\n<p>GESTION DE COOKIES<\/p>\r\n\r\n<p>Como garant\u00eda complementaria a la informaci\u00f3n proporcionada anteriormente. El usuario puede en cualquier momento revocar el funcionamiento de las cookies de ese sitio web mediante:<\/p>\r\n\r\n<p>&nbsp;<\/p>\r\n\r\n<ul>\r\n<li>Configuraci\u00f3n del navegador:\r\n<ol>\r\n<li>Chrome, desde\u00a0<a href=\"http:\/\/support.google.com\/chrome\/bin\/answer.py?hl=es&amp;answer=95647\" target=\"_blank\" rel=\"noreferrer noopener\">http:\/\/support.google.com\/chrome\/bin\/answer.py?hl=es&amp;answer=95647<\/a><\/li>\r\n<li>Explorer, desde\u00a0<a href=\"http:\/\/windows.microsoft.com\/es-es\/windows7\/how-to-manage-cookies-in-internet-explorer-9\" target=\"_blank\" rel=\"noreferrer noopener\">http:\/\/windows.microsoft.com\/es-es\/windows7\/how-to-manage-cookies-in-internet-explorer-9<\/a><\/li>\r\n<li>Firefox, desde\u00a0<a href=\"http:\/\/support.mozilla.org\/es\/kb\/habilitar-y-deshabilitar-cookies-que-los-sitios-web\" target=\"_blank\" rel=\"noreferrer noopener\">http:\/\/support.mozilla.org\/es\/kb\/habilitar-y-deshabilitar-cookies-que-los-sitios-web<\/a><\/li>\r\n<li>Safari, desde\u00a0<a href=\"http:\/\/support.apple.com\/kb\/ph5042\" target=\"_blank\" rel=\"noreferrer noopener\">http:\/\/support.apple.com\/kb\/ph5042<\/a><\/li>\r\n<\/ol>\r\n<\/li>\r\n<li>Los sistemas de opt-aut indicados en la tabla respecto a cada una de las cookies donde aplica, pueden conllevar que se instale en su equipo una cookie de rechazo para que funcione su elecci\u00f3n de desactivaci\u00f3n.<\/li>\r\n<\/ul>\r\n\r\n<p>S\u00a0no se hace responsable del contenido y veracidad de las pol\u00edticas de privacidad de los terceros incluidas en esta pol\u00edtica de cookies.<\/p>\r\n\r\n<p>Para cualquier consulta sobre esta Pol\u00edtica de cookies puede dirigirse a\u00a0<a href=\"http:\/\/www.gestoriapedrola.com\/tester@caag.e.telefonica.net\" target=\"_blank\" rel=\"noreferrer noopener\">tester@caag.e.telefonica.net<\/a><\/p>\r\n\r\n<p>&nbsp;<\/p>\r\n[\/vc_column_text][\/vc_column][\/vc_row]","protected":false},"excerpt":{"rendered":"<p>[vc_row type=&#8221;in_container&#8221; full_screen_row_position=&#8221;middle&#8221; column_margin=&#8221;default&#8221; column_direction=&#8221;default&#8221; column_direction_tablet=&#8221;default&#8221; column_direction_phone=&#8221;default&#8221; scene_position=&#8221;center&#8221; text_color=&#8221;dark&#8221; text_align=&#8221;left&#8221; row_border_radius=&#8221;none&#8221; row_border_radius_applies=&#8221;bg&#8221; overlay_strength=&#8221;0.3&#8243; gradient_direction=&#8221;left_to_right&#8221; shape_divider_position=&#8221;bottom&#8221; bg_image_animation=&#8221;none&#8221;][vc_column column_padding=&#8221;no-extra-padding&#8221; column_padding_tablet=&#8221;inherit&#8221; column_padding_phone=&#8221;inherit&#8221; column_padding_position=&#8221;all&#8221; background_color_opacity=&#8221;1&#8243; background_hover_color_opacity=&#8221;1&#8243; column_shadow=&#8221;none&#8221; column_border_radius=&#8221;none&#8221; column_link_target=&#8221;_self&#8221; gradient_direction=&#8221;left_to_right&#8221; overlay_strength=&#8221;0.3&#8243; width=&#8221;1\/1&#8243; tablet_width_inherit=&#8221;default&#8221; tablet_text_alignment=&#8221;default&#8221;&#8230;<\/p>\n","protected":false},"author":1,"featured_media":0,"parent":0,"menu_order":0,"comment_status":"closed","ping_status":"closed","template":"","meta":[],"_links":{"self":[{"href":"https:\/\/www.realacequiadeluceni.com\/index.php\/wp-json\/wp\/v2\/pages\/3344"}],"collection":[{"href":"https:\/\/www.realacequiadeluceni.com\/index.php\/wp-json\/wp\/v2\/pages"}],"about":[{"href":"https:\/\/www.realacequiadeluceni.com\/index.php\/wp-json\/wp\/v2\/types\/page"}],"author":[{"embeddable":true,"href":"https:\/\/www.realacequiadeluceni.com\/index.php\/wp-json\/wp\/v2\/users\/1"}],"replies":[{"embeddable":true,"href":"https:\/\/www.realacequiadeluceni.com\/index.php\/wp-json\/wp\/v2\/comments?post=3344"}],"version-history":[{"count":2,"href":"https:\/\/www.realacequiadeluceni.com\/index.php\/wp-json\/wp\/v2\/pages\/3344\/revisions"}],"predecessor-version":[{"id":3348,"href":"https:\/\/www.realacequiadeluceni.com\/index.php\/wp-json\/wp\/v2\/pages\/3344\/revisions\/3348"}],"wp:attachment":[{"href":"https:\/\/www.realacequiadeluceni.com\/index.php\/wp-json\/wp\/v2\/media?parent=3344"}],"curies":[{"name":"wp","href":"https:\/\/api.w.org\/{rel}","templated":true}]}}